{"id":584,"date":"2020-12-11T16:13:37","date_gmt":"2020-12-11T16:13:37","guid":{"rendered":"https:\/\/www.shredderspecialist.com\/amministrazione\/?page_id=584"},"modified":"2026-04-09T09:40:54","modified_gmt":"2026-04-09T09:40:54","slug":"chi-siamo","status":"publish","type":"page","link":"https:\/\/www.pspitalia.com\/it\/chi-siamo\/","title":{"rendered":"CHI SIAMO"},"content":{"rendered":"<p>[et_pb_section fb_built=&#8221;1&#8243; next_background_color=&#8221;#ffffff&#8221; admin_label=&#8221;Hero&#8221; _builder_version=&#8221;4.16&#8243; use_background_color_gradient=&#8221;on&#8221; background_color_gradient_direction=&#8221;70deg&#8221; background_color_gradient_stops=&#8221;#283d4b 0%|rgba(128,103,79,0.5) 100%&#8221; background_color_gradient_overlays_image=&#8221;on&#8221; background_color_gradient_start=&#8221;#283d4b&#8221; background_color_gradient_end=&#8221;rgba(128,103,79,0.5)&#8221; background_image=&#8221;https:\/\/www.shredderspecialist.com\/amministrazione\/wp-content\/uploads\/2021\/06\/colata-acciaio-stampo.jpg&#8221; custom_margin=&#8221;||3%|&#8221; custom_padding=&#8221;6vw|||&#8221; bottom_divider_style=&#8221;mountains2&#8243; bottom_divider_height=&#8221;20vw&#8221; bottom_divider_repeat=&#8221;0.5x&#8221; bottom_divider_flip=&#8221;horizontal|vertical&#8221; global_colors_info=&#8221;{}&#8221;][et_pb_row _builder_version=&#8221;4.16&#8243; custom_margin=&#8221;|||&#8221; custom_padding=&#8221;27px|0px|0|0px|false|false&#8221; global_colors_info=&#8221;{}&#8221;][et_pb_column type=&#8221;4_4&#8243; _builder_version=&#8221;4.16&#8243; custom_padding=&#8221;|||&#8221; global_colors_info=&#8221;{}&#8221; custom_padding__hover=&#8221;|||&#8221;][et_pb_text _builder_version=&#8221;4.16&#8243; text_font=&#8221;||||||||&#8221; header_font=&#8221;Josefin Sans|700|||||||&#8221; header_font_size=&#8221;90px&#8221; header_line_height=&#8221;1.4em&#8221; header_2_font=&#8221;Josefin Sans||||||||&#8221; header_2_text_color=&#8221;rgba(255,255,255,0.6)&#8221; header_2_font_size=&#8221;32px&#8221; header_2_line_height=&#8221;1.4em&#8221; background_layout=&#8221;dark&#8221; animation_style=&#8221;slide&#8221; animation_direction=&#8221;right&#8221; animation_intensity_slide=&#8221;4%&#8221; header_font_size_tablet=&#8221;50px&#8221; header_font_size_phone=&#8221;32px&#8221; header_font_size_last_edited=&#8221;on|desktop&#8221; header_2_font_size_tablet=&#8221;&#8221; header_2_font_size_phone=&#8221;24px&#8221; header_2_font_size_last_edited=&#8221;on|phone&#8221; global_colors_info=&#8221;{}&#8221;]<\/p>\n<h1>CHI SIAMO<\/h1>\n<p>[\/et_pb_text][\/et_pb_column][\/et_pb_row][et_pb_row use_custom_gutter=&#8221;on&#8221; gutter_width=&#8221;1&#8243; disabled_on=&#8221;on|off|off&#8221; module_class=&#8221; et_pb_row_fullwidth&#8221; _builder_version=&#8221;4.16&#8243; width=&#8221;100%&#8221; width_tablet=&#8221;100%&#8221; width_phone=&#8221;&#8221; width_last_edited=&#8221;on|desktop&#8221; max_width=&#8221;100%&#8221; max_width_tablet=&#8221;100%&#8221; max_width_phone=&#8221;&#8221; max_width_last_edited=&#8221;on|desktop&#8221; make_fullwidth=&#8221;on&#8221; locked=&#8221;off&#8221; global_colors_info=&#8221;{}&#8221;][et_pb_column type=&#8221;4_4&#8243; _builder_version=&#8221;4.16&#8243; custom_padding=&#8221;|||&#8221; global_colors_info=&#8221;{}&#8221; custom_padding__hover=&#8221;|||&#8221;][\/et_pb_column][\/et_pb_row][\/et_pb_section][et_pb_section fb_built=&#8221;1&#8243; _builder_version=&#8221;4.16&#8243; _module_preset=&#8221;default&#8221; custom_padding=&#8221;0px||0px||true|&#8221; global_colors_info=&#8221;{}&#8221;][et_pb_row column_structure=&#8221;2_5,3_5&#8243; _builder_version=&#8221;4.16&#8243; _module_preset=&#8221;default&#8221; global_colors_info=&#8221;{}&#8221;][et_pb_column type=&#8221;2_5&#8243; _builder_version=&#8221;4.16&#8243; _module_preset=&#8221;default&#8221; global_colors_info=&#8221;{}&#8221;][et_pb_image src=&#8221;https:\/\/www.pspitalia.com\/amministrazione\/wp-content\/uploads\/2025\/09\/fusione.webp&#8221; title_text=&#8221;fusione&#8221; _builder_version=&#8221;4.27.4&#8243; _module_preset=&#8221;default&#8221; global_colors_info=&#8221;{}&#8221;][\/et_pb_image][\/et_pb_column][et_pb_column type=&#8221;3_5&#8243; _builder_version=&#8221;4.16&#8243; _module_preset=&#8221;default&#8221; global_colors_info=&#8221;{}&#8221;][et_pb_text _builder_version=&#8221;4.16&#8243; _module_preset=&#8221;default&#8221; text_font=&#8221;Abel||||||||&#8221; text_text_color=&#8221;#d0661c&#8221; text_font_size=&#8221;36px&#8221; global_colors_info=&#8221;{}&#8221;]Azienda<br \/>\n[\/et_pb_text][et_pb_text _builder_version=&#8221;4.27.4&#8243; _module_preset=&#8221;default&#8221; header_4_font=&#8221;Abel||||||||&#8221; header_4_text_color=&#8221;gcid-primary-color&#8221; global_colors_info=&#8221;{%22gcid-primary-color%22:%91%22header_4_text_color%22%93}&#8221;]<\/p>\n<p><strong>PSP Italia<\/strong> \u00e8 il tuo <strong>fornitore di fusioni in ghisa e acciaio<\/strong>. Da <strong>oltre 35 anni<\/strong> realizziamo componenti colati e lavorati per l\u2019industria, con <strong>standard elevati, tempi certi e tracciabilit\u00e0 completa<\/strong>. Seguiamo ogni fase, dal modello alla spedizione, garantendo qualit\u00e0 e affidabilit\u00e0.<\/p>\n<h4><strong>Cosa facciamo<\/strong><\/h4>\n<ul>\n<li><strong>Fusioni in ghisa grigia, ghisa sferoidale e acciai<\/strong><\/li>\n<li><strong>Engineering &amp; modelleria<\/strong>: supporto DFM, progettazione attrezzature, campionature.<\/li>\n<li><strong>Qualit\u00e0 e collaudi<\/strong>: controlli dimensionali, durezza, spettrometria, NDT (UT\/MT\/PT), <strong>tracciabilit\u00e0 documentale<\/strong>.<\/li>\n<li><strong>Logistica e consegna<\/strong>: lead time affidabili e gestione ordini ripetitivi.<\/li>\n<\/ul>\n<h4><strong>Come lavoriamo<\/strong><\/h4>\n<ol>\n<li><strong>Analisi tecnica<\/strong> delle specifiche e del materiale.<\/li>\n<li><strong>Progettazione del modello<\/strong> e pianificazione della produzione.<\/li>\n<li><strong>Preserie\/campionatura<\/strong> con report qualit\u00e0.<\/li>\n<li><strong>Produzione<\/strong> secondo standard e capitolati.<\/li>\n<li><strong>Collaudi e certificati<\/strong> (EN 10204 3.1) e <strong>consegna<\/strong>.<\/li>\n<\/ol>\n<h4><strong>Qualit\u00e0 e certificazioni<\/strong><\/h4>\n<p>La qualit\u00e0 per noi \u00e8 un impegno quotidiano. <strong>PSP Italia \u00e8 certificata ISO 9001:2015<\/strong> e adotta procedure di controllo rigorose su ogni lotto, con documentazione e <strong>tracciabilit\u00e0 end-to-end<\/strong>.<\/p>\n<h4><strong>Perch\u00e9 scegliere PSP Italia<\/strong><\/h4>\n<ul>\n<li><strong>Esperienza<\/strong>: oltre <strong>35 anni<\/strong> nell\u2019industria delle fusioni.<\/li>\n<li><strong>Affidabilit\u00e0<\/strong>: processi strutturati, <strong>tempi certi<\/strong> e supporto tecnico vicino al cliente.<\/li>\n<li><strong>Prestazioni<\/strong>: <strong>qualit\u00e0, puntualit\u00e0, valore<\/strong> \u2014 dal prototipo alla serie.<\/li>\n<li><strong>Track record<\/strong>: <strong>300+ clienti<\/strong> serviti ogni anno e <strong>&gt;10 M\u20ac<\/strong> di fatturato annuo.<\/li>\n<\/ul>\n<p>[\/et_pb_text][\/et_pb_column][\/et_pb_row][et_pb_row column_structure=&#8221;1_5,1_5,1_5,1_5,1_5&#8243; _builder_version=&#8221;4.27.4&#8243; _module_preset=&#8221;default&#8221; global_colors_info=&#8221;{}&#8221;][et_pb_column type=&#8221;1_5&#8243; _builder_version=&#8221;4.27.4&#8243; _module_preset=&#8221;default&#8221; global_colors_info=&#8221;{}&#8221;][\/et_pb_column][et_pb_column type=&#8221;1_5&#8243; _builder_version=&#8221;4.27.4&#8243; _module_preset=&#8221;default&#8221; global_colors_info=&#8221;{}&#8221;][\/et_pb_column][et_pb_column type=&#8221;1_5&#8243; _builder_version=&#8221;4.27.4&#8243; _module_preset=&#8221;default&#8221; global_colors_info=&#8221;{}&#8221;][et_pb_image src=&#8221;https:\/\/www.pspitalia.com\/amministrazione\/wp-content\/uploads\/2025\/09\/certificato_23335_180324_UN-1.webp&#8221; title_text=&#8221;certificato_23335_180324_UN-1&#8243; show_in_lightbox=&#8221;on&#8221; _builder_version=&#8221;4.27.4&#8243; _module_preset=&#8221;default&#8221; border_width_all=&#8221;1px&#8221; border_color_all=&#8221;#707070&#8243; global_colors_info=&#8221;{}&#8221;][\/et_pb_image][\/et_pb_column][et_pb_column type=&#8221;1_5&#8243; _builder_version=&#8221;4.27.4&#8243; _module_preset=&#8221;default&#8221; global_colors_info=&#8221;{}&#8221;][et_pb_image src=&#8221;https:\/\/www.pspitalia.com\/amministrazione\/wp-content\/uploads\/2025\/09\/certificato_23335_180324_UN-2.webp&#8221; title_text=&#8221;certificato_23335_180324_UN-2&#8243; show_in_lightbox=&#8221;on&#8221; _builder_version=&#8221;4.27.4&#8243; _module_preset=&#8221;default&#8221; border_width_all=&#8221;1px&#8221; border_color_all=&#8221;#707070&#8243; global_colors_info=&#8221;{}&#8221;][\/et_pb_image][\/et_pb_column][et_pb_column type=&#8221;1_5&#8243; _builder_version=&#8221;4.27.4&#8243; _module_preset=&#8221;default&#8221; global_colors_info=&#8221;{}&#8221;][\/et_pb_column][\/et_pb_row][\/et_pb_section][et_pb_section fb_built=&#8221;1&#8243; _builder_version=&#8221;4.7.1&#8243; _module_preset=&#8221;default&#8221; custom_padding=&#8221;50px||50px||true|&#8221; global_module=&#8221;859&#8243; saved_tabs=&#8221;all&#8221; global_colors_info=&#8221;{}&#8221;][et_pb_row admin_label=&#8221;Content Area&#8221; _builder_version=&#8221;4.16&#8243; locked=&#8221;off&#8221; global_colors_info=&#8221;{}&#8221;][et_pb_column type=&#8221;4_4&#8243; _builder_version=&#8221;4.16&#8243; custom_padding=&#8221;|||&#8221; global_colors_info=&#8221;{}&#8221; custom_padding__hover=&#8221;|||&#8221;][et_pb_text _builder_version=&#8221;4.16&#8243; text_font=&#8221;Open Sans||||||||&#8221; text_font_size=&#8221;18px&#8221; text_line_height=&#8221;1.8em&#8221; header_font=&#8221;||||||||&#8221; header_text_color=&#8221;rgba(0,0,0,0)&#8221; header_2_font=&#8221;Josefin Sans|700|||||||&#8221; header_2_font_size=&#8221;48px&#8221; header_2_line_height=&#8221;1.4em&#8221; header_3_font=&#8221;Josefin Sans|700||on|||||&#8221; header_3_text_color=&#8221;rgba(43,51,68,0.2)&#8221; text_orientation=&#8221;center&#8221; max_width=&#8221;700px&#8221; module_alignment=&#8221;center&#8221; custom_margin=&#8221;|||&#8221; custom_padding=&#8221;|||&#8221; header_2_font_size_tablet=&#8221;&#8221; header_2_font_size_phone=&#8221;24px&#8221; header_2_font_size_last_edited=&#8221;on|phone&#8221; header_2_line_height_tablet=&#8221;1.4em&#8221; header_2_line_height_last_edited=&#8221;off|desktop&#8221; locked=&#8221;off&#8221; global_colors_info=&#8221;{}&#8221;]<\/p>\n<h3><span style=\"color: #333333; font-size: 48px;\">Sales Team<\/span><\/h3>\n<p>[\/et_pb_text][\/et_pb_column][\/et_pb_row][et_pb_row column_structure=&#8221;1_4,1_4,1_4,1_4&#8243; use_custom_gutter=&#8221;on&#8221; gutter_width=&#8221;1&#8243; make_equal=&#8221;on&#8221; _builder_version=&#8221;4.16&#8243; _module_preset=&#8221;default&#8221; global_colors_info=&#8221;{}&#8221;][et_pb_column type=&#8221;1_4&#8243; _builder_version=&#8221;4.16&#8243; _module_preset=&#8221;default&#8221; global_colors_info=&#8221;{}&#8221;][\/et_pb_column][et_pb_column type=&#8221;1_4&#8243; _builder_version=&#8221;4.16&#8243; _module_preset=&#8221;default&#8221; global_colors_info=&#8221;{}&#8221;][et_pb_team_member name=&#8221;Stefano Polidori&#8221; position=&#8221;Managing Director&#8221; image_url=&#8221;https:\/\/www.shredderspecialist.com\/amministrazione\/wp-content\/uploads\/2020\/11\/Stefano-Polidori.jpg&#8221; _builder_version=&#8221;4.16&#8243; _module_preset=&#8221;default&#8221; header_level=&#8221;h2&#8243; header_text_align=&#8221;center&#8221; header_text_color=&#8221;#d0661c&#8221; position_text_align=&#8221;center&#8221; text_orientation=&#8221;center&#8221; width=&#8221;75%&#8221; module_alignment=&#8221;center&#8221; custom_padding=&#8221;||20px||false|false&#8221; border_radii=&#8221;off|0%|0%|0%|&#8221; border_radii_image=&#8221;on|100%|100%|100%|100%&#8221; border_width_all_image=&#8221;4px&#8221; border_color_all_image=&#8221;#8f8f8f&#8221; global_colors_info=&#8221;{}&#8221;]<\/p>\n<p><strong><a href=\"mailto:stefano.polidori@pspitalia.com\">MAIL<\/a><\/strong><\/p>\n<p>[\/et_pb_team_member][\/et_pb_column][et_pb_column type=&#8221;1_4&#8243; _builder_version=&#8221;4.16&#8243; _module_preset=&#8221;default&#8221; global_colors_info=&#8221;{}&#8221;][et_pb_team_member name=&#8221;Roberto Sciandra&#8221; position=&#8221;Export Manager&#8221; image_url=&#8221;https:\/\/www.shredderspecialist.com\/amministrazione\/wp-content\/uploads\/2021\/01\/roberto-sciandra.jpg&#8221; _builder_version=&#8221;4.16&#8243; _module_preset=&#8221;default&#8221; header_level=&#8221;h2&#8243; header_text_align=&#8221;center&#8221; header_text_color=&#8221;#d0661c&#8221; position_text_align=&#8221;center&#8221; text_orientation=&#8221;center&#8221; width=&#8221;75%&#8221; module_alignment=&#8221;center&#8221; custom_padding=&#8221;||20px||false|false&#8221; border_radii=&#8221;off|0%|0%|0%|&#8221; border_radii_image=&#8221;on|100%|100%|100%|100%&#8221; border_width_all_image=&#8221;4px&#8221; border_color_all_image=&#8221;#8f8f8f&#8221; global_colors_info=&#8221;{}&#8221;]<\/p>\n<p><strong><a href=\"mailto:roberto.sciandrai@pspitalia.com\">MAIL<\/a><\/strong><\/p>\n<p>[\/et_pb_team_member][\/et_pb_column][et_pb_column type=&#8221;1_4&#8243; _builder_version=&#8221;4.16&#8243; _module_preset=&#8221;default&#8221; global_colors_info=&#8221;{}&#8221;][\/et_pb_column][\/et_pb_row][et_pb_row column_structure=&#8221;1_4,1_4,1_4,1_4&#8243; use_custom_gutter=&#8221;on&#8221; gutter_width=&#8221;1&#8243; make_equal=&#8221;on&#8221; _builder_version=&#8221;4.16&#8243; _module_preset=&#8221;default&#8221; locked=&#8221;off&#8221; global_colors_info=&#8221;{}&#8221;][et_pb_column type=&#8221;1_4&#8243; _builder_version=&#8221;4.16&#8243; _module_preset=&#8221;default&#8221; global_colors_info=&#8221;{}&#8221;][et_pb_team_member name=&#8221;Maria Di Petrillo&#8221; position=&#8221;Sales Account France&#8221; image_url=&#8221;https:\/\/www.pspitalia.com\/amministrazione\/wp-content\/uploads\/2025\/02\/Maria-di-Petrillo.jpg&#8221; _builder_version=&#8221;4.27.4&#8243; _module_preset=&#8221;default&#8221; header_level=&#8221;h2&#8243; header_text_align=&#8221;center&#8221; header_text_color=&#8221;#d0661c&#8221; position_text_align=&#8221;center&#8221; text_orientation=&#8221;center&#8221; width=&#8221;75%&#8221; module_alignment=&#8221;center&#8221; custom_padding=&#8221;||20px||false|false&#8221; border_radii=&#8221;off|0%|0%|0%|&#8221; border_radii_image=&#8221;on|100%|100%|100%|100%&#8221; border_width_all_image=&#8221;4px&#8221; border_color_all_image=&#8221;#8f8f8f&#8221; global_colors_info=&#8221;{}&#8221;]<strong><a href=\"mailto:maria.dipetrillo@pspitalia.com\">MAIL<\/a><\/strong>[\/et_pb_team_member][\/et_pb_column][et_pb_column type=&#8221;1_4&#8243; _builder_version=&#8221;4.16&#8243; _module_preset=&#8221;default&#8221; global_colors_info=&#8221;{}&#8221;][et_pb_team_member name=&#8221;Vlasta Meriova&#8221; position=&#8221;Sales Account Eastern EU&#8221; image_url=&#8221;https:\/\/www.shredderspecialist.com\/amministrazione\/wp-content\/uploads\/2021\/01\/vlasta-meriova.jpg&#8221; _builder_version=&#8221;4.16&#8243; _module_preset=&#8221;default&#8221; header_level=&#8221;h2&#8243; header_text_align=&#8221;center&#8221; header_text_color=&#8221;#d0661c&#8221; position_text_align=&#8221;center&#8221; text_orientation=&#8221;center&#8221; width=&#8221;75%&#8221; module_alignment=&#8221;center&#8221; custom_padding=&#8221;||20px||false|false&#8221; border_radii=&#8221;off|0%|0%|0%|&#8221; border_radii_image=&#8221;on|100%|100%|100%|100%&#8221; border_width_all_image=&#8221;4px&#8221; border_color_all_image=&#8221;#8f8f8f&#8221; global_colors_info=&#8221;{}&#8221;]<\/p>\n<p><strong><a href=\"mailto:vlasta.meriova@pspitalia.com\">MAIL<\/a><\/strong><\/p>\n<p>[\/et_pb_team_member][\/et_pb_column][et_pb_column type=&#8221;1_4&#8243; _builder_version=&#8221;4.16&#8243; _module_preset=&#8221;default&#8221; global_colors_info=&#8221;{}&#8221;][et_pb_team_member name=&#8221;Marie Claire Atwell&#8221; position=&#8221;Sales account UK&#8221; image_url=&#8221;https:\/\/www.shredderspecialist.com\/amministrazione\/wp-content\/uploads\/2023\/05\/marie-claire-atwell.jpg&#8221; _builder_version=&#8221;4.21.0&#8243; _module_preset=&#8221;default&#8221; header_level=&#8221;h2&#8243; header_text_align=&#8221;center&#8221; header_text_color=&#8221;#d0661c&#8221; position_text_align=&#8221;center&#8221; text_orientation=&#8221;center&#8221; width=&#8221;75%&#8221; module_alignment=&#8221;center&#8221; custom_padding=&#8221;||20px||false|false&#8221; border_radii=&#8221;off|0%|0%|0%|&#8221; border_radii_image=&#8221;on|100%|100%|100%|100%&#8221; border_width_all_image=&#8221;4px&#8221; border_color_all_image=&#8221;#8f8f8f&#8221; global_colors_info=&#8221;{}&#8221;]<\/p>\n<p><strong><a href=\"mailto:marie.atwell@pspitalia.com\">MAIL<\/a><\/strong><\/p>\n<p>[\/et_pb_team_member][\/et_pb_column][et_pb_column type=&#8221;1_4&#8243; _builder_version=&#8221;4.16&#8243; _module_preset=&#8221;default&#8221; global_colors_info=&#8221;{}&#8221;][et_pb_team_member name=&#8221;Edith Lisz&#8221; position=&#8221;Sales account NL, Germany, Austria and Switzerland&#8221; image_url=&#8221;https:\/\/www.pspitalia.com\/amministrazione\/wp-content\/uploads\/2026\/04\/Edith-Lisz.webp&#8221; _builder_version=&#8221;4.27.6&#8243; _module_preset=&#8221;default&#8221; header_level=&#8221;h2&#8243; header_text_align=&#8221;center&#8221; header_text_color=&#8221;#d0661c&#8221; position_text_align=&#8221;center&#8221; text_orientation=&#8221;center&#8221; width=&#8221;75%&#8221; module_alignment=&#8221;center&#8221; custom_padding=&#8221;||20px||false|false&#8221; hover_enabled=&#8221;0&#8243; border_radii=&#8221;off|0%|0%|0%|&#8221; border_radii_image=&#8221;on|100%|100%|100%|100%&#8221; border_width_all_image=&#8221;4px&#8221; border_color_all_image=&#8221;#8f8f8f&#8221; locked=&#8221;off&#8221; global_colors_info=&#8221;{}&#8221; alt=&#8221;Edith Lisz&#8221; title_text=&#8221;Edith Lisz&#8221; sticky_enabled=&#8221;0&#8243;]<\/p>\n<p><strong><a href=\"mailto:Edith.lisz@pspitalia.com\">MAIL<\/a><\/strong><\/p>\n<p>[\/et_pb_team_member][\/et_pb_column][\/et_pb_row][\/et_pb_section]<\/p>\n","protected":false},"excerpt":{"rendered":"<p>CHI SIAMOAzienda PSP Italia \u00e8 il tuo fornitore di fusioni in ghisa e acciaio. Da oltre 35 anni realizziamo componenti colati e lavorati per l\u2019industria, con standard elevati, tempi certi e tracciabilit\u00e0 completa. Seguiamo ogni fase, dal modello alla spedizione, garantendo qualit\u00e0 e affidabilit\u00e0. Cosa facciamo Fusioni in ghisa grigia, ghisa sferoidale e acciai Engineering [&hellip;]<\/p>\n","protected":false},"author":1,"featured_media":0,"parent":0,"menu_order":0,"comment_status":"closed","ping_status":"closed","template":"","meta":{"_et_pb_use_builder":"on","_et_pb_old_content":"<strong>PSP ITALIA <\/strong>opera sul mercato Italiano da pi\u00f9 di 30 anni come fornitore di fusioni in ghisa ed acciaio, forgiati, carpenterie pesanti e lavorazioni meccaniche. L\u2019azienda oramai rappresenta un punto di riferimento unico per quanto la fornitura di componenti meccanici e i servizi di engineering connessi al prodotto.\r\n\r\nNel corso della nostra attivit\u00e0 abbiamo maturato un\u2019esperienza specifica nel settore del riciclo del metallo dove rappresentiamo una eccellenza sul mercato mondiale. Abbiamo sviluppato una filosofia di servizio a 360\u00b0 per quanto riguarda la fornitura delle parti di usura e l\u2019assistenza al vostro shredder per il riciclo del metallo. Il nostro team \u00e8 composto da personale tecnico e commerciale che pu\u00f2 rispondere in ogni momento alle esigenze dei suoi clienti. Un servizio ritagliato su misura sulle esigenze di ogni singolo shredder.\r\n\r\nDa qui base nasce THE SHREDDER SPECIALIST, un sito tutto dedicato all\u2019attivit\u00e0 di assistenza e fornitura delle grandi macchine per il riciclo del metallo. Siamo oramai presenti in tutte le pi\u00f9 grandi aziende e gruppi di riciclo del metallo in Europa e stiamo lentamente espandendo la nostra influenza nel resto dei continenti..\r\n\r\n<strong>La nostra ricetta \u00e8 semplice: <\/strong>\r\n<ul>\r\n \t<li><strong>Qualit\u00e0 del prodotto<\/strong><\/li>\r\n \t<li><strong>Performance e resistenza all\u2019usura dei componenti eccellente<\/strong><\/li>\r\n \t<li><strong>Competitivit\u00e0 economica<\/strong><\/li>\r\n \t<li><strong>Puntualit\u00e0 nelle consegne<\/strong><\/li>\r\n \t<li><strong>Servizio di assistenza costante prima e dopo la vendita del prodotto<\/strong><\/li>\r\n<\/ul>\r\nPer ogni aerea geografica uno dei nostri esperti vi aiuter\u00e0 a scoprire la forza dei nostri prodotti e la qualit\u00e0 del nostro servizio. Non esitate ancora a contattarci.","_et_gb_content_width":"","footnotes":""},"class_list":["post-584","page","type-page","status-publish","hentry"],"yoast_head":"<!-- This site is optimized with the Yoast SEO plugin v27.4 - https:\/\/yoast.com\/product\/yoast-seo-wordpress\/ -->\n<title>CHI SIAMO - PSP ITALIA<\/title>\n<meta name=\"robots\" content=\"index, follow, max-snippet:-1, max-image-preview:large, max-video-preview:-1\" \/>\n<link rel=\"canonical\" href=\"https:\/\/www.pspitalia.com\/it\/chi-siamo\/\" \/>\n<meta property=\"og:locale\" content=\"it_IT\" \/>\n<meta property=\"og:type\" content=\"article\" \/>\n<meta property=\"og:title\" content=\"CHI SIAMO - PSP ITALIA\" \/>\n<meta property=\"og:description\" content=\"CHI SIAMOAzienda PSP Italia \u00e8 il tuo fornitore di fusioni in ghisa e acciaio. Da oltre 35 anni realizziamo componenti colati e lavorati per l\u2019industria, con standard elevati, tempi certi e tracciabilit\u00e0 completa. Seguiamo ogni fase, dal modello alla spedizione, garantendo qualit\u00e0 e affidabilit\u00e0. Cosa facciamo Fusioni in ghisa grigia, ghisa sferoidale e acciai Engineering [&hellip;]\" \/>\n<meta property=\"og:url\" content=\"https:\/\/www.pspitalia.com\/it\/chi-siamo\/\" \/>\n<meta property=\"og:site_name\" content=\"PSP ITALIA\" \/>\n<meta property=\"article:modified_time\" content=\"2026-04-09T09:40:54+00:00\" \/>\n<meta name=\"twitter:card\" content=\"summary_large_image\" \/>\n<meta name=\"twitter:label1\" content=\"Tempo di lettura stimato\" \/>\n\t<meta name=\"twitter:data1\" content=\"4 minuti\" \/>\n<script type=\"application\/ld+json\" class=\"yoast-schema-graph\">{\"@context\":\"https:\\\/\\\/schema.org\",\"@graph\":[{\"@type\":\"WebPage\",\"@id\":\"https:\\\/\\\/www.pspitalia.com\\\/it\\\/chi-siamo\\\/\",\"url\":\"https:\\\/\\\/www.pspitalia.com\\\/it\\\/chi-siamo\\\/\",\"name\":\"CHI SIAMO - PSP ITALIA\",\"isPartOf\":{\"@id\":\"https:\\\/\\\/www.pspitalia.com\\\/en\\\/#website\"},\"datePublished\":\"2020-12-11T16:13:37+00:00\",\"dateModified\":\"2026-04-09T09:40:54+00:00\",\"breadcrumb\":{\"@id\":\"https:\\\/\\\/www.pspitalia.com\\\/it\\\/chi-siamo\\\/#breadcrumb\"},\"inLanguage\":\"it-IT\",\"potentialAction\":[{\"@type\":\"ReadAction\",\"target\":[\"https:\\\/\\\/www.pspitalia.com\\\/it\\\/chi-siamo\\\/\"]}]},{\"@type\":\"BreadcrumbList\",\"@id\":\"https:\\\/\\\/www.pspitalia.com\\\/it\\\/chi-siamo\\\/#breadcrumb\",\"itemListElement\":[{\"@type\":\"ListItem\",\"position\":1,\"name\":\"Home\",\"item\":\"https:\\\/\\\/www.pspitalia.com\\\/it\\\/\"},{\"@type\":\"ListItem\",\"position\":2,\"name\":\"CHI SIAMO\"}]},{\"@type\":\"WebSite\",\"@id\":\"https:\\\/\\\/www.pspitalia.com\\\/en\\\/#website\",\"url\":\"https:\\\/\\\/www.pspitalia.com\\\/en\\\/\",\"name\":\"PSP ITALIA\",\"description\":\"\",\"potentialAction\":[{\"@type\":\"SearchAction\",\"target\":{\"@type\":\"EntryPoint\",\"urlTemplate\":\"https:\\\/\\\/www.pspitalia.com\\\/en\\\/?s={search_term_string}\"},\"query-input\":{\"@type\":\"PropertyValueSpecification\",\"valueRequired\":true,\"valueName\":\"search_term_string\"}}],\"inLanguage\":\"it-IT\"}]}<\/script>\n<!-- \/ Yoast SEO plugin. -->","yoast_head_json":{"title":"CHI SIAMO - PSP ITALIA","robots":{"index":"index","follow":"follow","max-snippet":"max-snippet:-1","max-image-preview":"max-image-preview:large","max-video-preview":"max-video-preview:-1"},"canonical":"https:\/\/www.pspitalia.com\/it\/chi-siamo\/","og_locale":"it_IT","og_type":"article","og_title":"CHI SIAMO - PSP ITALIA","og_description":"CHI SIAMOAzienda PSP Italia \u00e8 il tuo fornitore di fusioni in ghisa e acciaio. Da oltre 35 anni realizziamo componenti colati e lavorati per l\u2019industria, con standard elevati, tempi certi e tracciabilit\u00e0 completa. Seguiamo ogni fase, dal modello alla spedizione, garantendo qualit\u00e0 e affidabilit\u00e0. Cosa facciamo Fusioni in ghisa grigia, ghisa sferoidale e acciai Engineering [&hellip;]","og_url":"https:\/\/www.pspitalia.com\/it\/chi-siamo\/","og_site_name":"PSP ITALIA","article_modified_time":"2026-04-09T09:40:54+00:00","twitter_card":"summary_large_image","twitter_misc":{"Tempo di lettura stimato":"4 minuti"},"schema":{"@context":"https:\/\/schema.org","@graph":[{"@type":"WebPage","@id":"https:\/\/www.pspitalia.com\/it\/chi-siamo\/","url":"https:\/\/www.pspitalia.com\/it\/chi-siamo\/","name":"CHI SIAMO - PSP ITALIA","isPartOf":{"@id":"https:\/\/www.pspitalia.com\/en\/#website"},"datePublished":"2020-12-11T16:13:37+00:00","dateModified":"2026-04-09T09:40:54+00:00","breadcrumb":{"@id":"https:\/\/www.pspitalia.com\/it\/chi-siamo\/#breadcrumb"},"inLanguage":"it-IT","potentialAction":[{"@type":"ReadAction","target":["https:\/\/www.pspitalia.com\/it\/chi-siamo\/"]}]},{"@type":"BreadcrumbList","@id":"https:\/\/www.pspitalia.com\/it\/chi-siamo\/#breadcrumb","itemListElement":[{"@type":"ListItem","position":1,"name":"Home","item":"https:\/\/www.pspitalia.com\/it\/"},{"@type":"ListItem","position":2,"name":"CHI SIAMO"}]},{"@type":"WebSite","@id":"https:\/\/www.pspitalia.com\/en\/#website","url":"https:\/\/www.pspitalia.com\/en\/","name":"PSP ITALIA","description":"","potentialAction":[{"@type":"SearchAction","target":{"@type":"EntryPoint","urlTemplate":"https:\/\/www.pspitalia.com\/en\/?s={search_term_string}"},"query-input":{"@type":"PropertyValueSpecification","valueRequired":true,"valueName":"search_term_string"}}],"inLanguage":"it-IT"}]}},"_links":{"self":[{"href":"https:\/\/www.pspitalia.com\/it\/wp-json\/wp\/v2\/pages\/584","targetHints":{"allow":["GET"]}}],"collection":[{"href":"https:\/\/www.pspitalia.com\/it\/wp-json\/wp\/v2\/pages"}],"about":[{"href":"https:\/\/www.pspitalia.com\/it\/wp-json\/wp\/v2\/types\/page"}],"author":[{"embeddable":true,"href":"https:\/\/www.pspitalia.com\/it\/wp-json\/wp\/v2\/users\/1"}],"replies":[{"embeddable":true,"href":"https:\/\/www.pspitalia.com\/it\/wp-json\/wp\/v2\/comments?post=584"}],"version-history":[{"count":0,"href":"https:\/\/www.pspitalia.com\/it\/wp-json\/wp\/v2\/pages\/584\/revisions"}],"wp:attachment":[{"href":"https:\/\/www.pspitalia.com\/it\/wp-json\/wp\/v2\/media?parent=584"}],"curies":[{"name":"wp","href":"https:\/\/api.w.org\/{rel}","templated":true}]}}