{"id":41,"date":"2020-11-16T18:51:08","date_gmt":"2020-11-16T18:51:08","guid":{"rendered":"https:\/\/www.shredderspecialist.com\/amministrazione\/?page_id=41"},"modified":"2025-10-14T08:50:47","modified_gmt":"2025-10-14T08:50:47","slug":"home","status":"publish","type":"page","link":"https:\/\/www.pspitalia.com\/it\/home\/","title":{"rendered":"home"},"content":{"rendered":"<p>[et_pb_section fb_built=&#8221;1&#8243; next_background_color=&#8221;#ffffff&#8221; admin_label=&#8221;Hero&#8221; _builder_version=&#8221;4.27.4&#8243; background_color_gradient_direction=&#8221;70deg&#8221; background_image=&#8221;https:\/\/www.pspitalia.com\/amministrazione\/wp-content\/uploads\/2025\/10\/immagine-home-psp-italia-colata-ITA.webp&#8221; background_enable_video_mp4=&#8221;off&#8221; module_alignment=&#8221;center&#8221; min_height=&#8221;800px&#8221; min_height_tablet=&#8221;&#8221; min_height_phone=&#8221;250px&#8221; min_height_last_edited=&#8221;on|phone&#8221; custom_margin=&#8221;|||&#8221; custom_padding=&#8221;6vw|||&#8221; bottom_divider_style=&#8221;mountains2&#8243; bottom_divider_height=&#8221;20vw&#8221; bottom_divider_repeat=&#8221;0.5x&#8221; bottom_divider_flip=&#8221;horizontal|vertical&#8221; global_colors_info=&#8221;{}&#8221;][\/et_pb_section][et_pb_section fb_built=&#8221;1&#8243; _builder_version=&#8221;4.27.4&#8243; _module_preset=&#8221;default&#8221; locked=&#8221;off&#8221; global_colors_info=&#8221;{}&#8221;][et_pb_row column_structure=&#8221;2_5,3_5&#8243; _builder_version=&#8221;4.27.4&#8243; _module_preset=&#8221;default&#8221; global_colors_info=&#8221;{}&#8221;][et_pb_column type=&#8221;2_5&#8243; _builder_version=&#8221;4.27.4&#8243; _module_preset=&#8221;default&#8221; global_colors_info=&#8221;{}&#8221;][et_pb_text _builder_version=&#8221;4.27.4&#8243; _module_preset=&#8221;default&#8221; header_2_text_color=&#8221;gcid-primary-color&#8221; header_2_font_size=&#8221;45px&#8221; global_colors_info=&#8221;{%22gcid-primary-color%22:%91%22header_2_text_color%22%93}&#8221;]<\/p>\n<h2>Chi Siamo<\/h2>\n<p>[\/et_pb_text][et_pb_text _builder_version=&#8221;4.27.4&#8243; _module_preset=&#8221;default&#8221; global_colors_info=&#8221;{}&#8221;]<\/p>\n<p><strong>PSP Italia<\/strong> \u00e8 il vostro <strong>fornitore di pezzi in ghisa e acciaio<\/strong>. Da <strong>oltre 35 anni<\/strong> forniamo componenti fusi e lavorati per settori esigenti con <strong>standard elevati, tempi di consegna affidabili e completa tracciabilit\u00e0<\/strong>. Gestiamo ogni fase, dal modello alla spedizione, garantendo qualit\u00e0 e affidabilit\u00e0.<\/p>\n<p>[\/et_pb_text][\/et_pb_column][et_pb_column type=&#8221;3_5&#8243; _builder_version=&#8221;4.27.4&#8243; _module_preset=&#8221;default&#8221; global_colors_info=&#8221;{}&#8221;][et_pb_image src=&#8221;https:\/\/www.pspitalia.com\/amministrazione\/wp-content\/uploads\/2021\/07\/azienda.jpg&#8221; title_text=&#8221;azienda&#8221; _builder_version=&#8221;4.27.4&#8243; _module_preset=&#8221;default&#8221; global_colors_info=&#8221;{}&#8221;][\/et_pb_image][\/et_pb_column][\/et_pb_row][\/et_pb_section][et_pb_section fb_built=&#8221;1&#8243; _builder_version=&#8221;4.27.4&#8243; _module_preset=&#8221;default&#8221; locked=&#8221;off&#8221; global_colors_info=&#8221;{}&#8221;][et_pb_row column_structure=&#8221;1_3,1_3,1_3&#8243; use_custom_gutter=&#8221;on&#8221; gutter_width=&#8221;2&#8243; _builder_version=&#8221;4.27.4&#8243; _module_preset=&#8221;default&#8221; global_colors_info=&#8221;{}&#8221;][et_pb_column type=&#8221;1_3&#8243; _builder_version=&#8221;4.27.4&#8243; _module_preset=&#8221;default&#8221; global_colors_info=&#8221;{}&#8221;][et_pb_blurb title=&#8221;FUSIONI IN GHISA &#8211; LAMELLARE E SFEROIDALE&#8221; url=&#8221;@ET-DC@eyJkeW5hbWljIjp0cnVlLCJjb250ZW50IjoicG9zdF9saW5rX3VybF9wYWdlIiwic2V0dGluZ3MiOnsicG9zdF9pZCI6IjM0MTYifX0=@&#8221; image=&#8221;https:\/\/www.pspitalia.com\/amministrazione\/wp-content\/uploads\/2025\/10\/GHISA_obrobek.webp&#8221; alt=&#8221;PSP Italia&#8221; _builder_version=&#8221;4.27.4&#8243; _dynamic_attributes=&#8221;url&#8221; _module_preset=&#8221;default&#8221; header_font=&#8221;Abel|700|||||||&#8221; header_text_align=&#8221;center&#8221; header_text_color=&#8221;gcid-heading-color&#8221; global_colors_info=&#8221;{%22gcid-heading-color%22:%91%22header_text_color%22%93}&#8221; header_text_color__hover_enabled=&#8221;on|desktop&#8221; header_text_color__hover=&#8221;#D0661C&#8221;][\/et_pb_blurb][\/et_pb_column][et_pb_column type=&#8221;1_3&#8243; _builder_version=&#8221;4.27.4&#8243; _module_preset=&#8221;default&#8221; global_colors_info=&#8221;{}&#8221;][et_pb_blurb title=&#8221;FUSIONI IN ACCIAIO&#8221; url=&#8221;@ET-DC@eyJkeW5hbWljIjp0cnVlLCJjb250ZW50IjoicG9zdF9saW5rX3VybF9wYWdlIiwic2V0dGluZ3MiOnsicG9zdF9pZCI6IjM0MDEifX0=@&#8221; image=&#8221;https:\/\/www.pspitalia.com\/amministrazione\/wp-content\/uploads\/2025\/10\/ACCIAIO_SM-30823REV1.webp&#8221; alt=&#8221;PSP Italia&#8221; _builder_version=&#8221;4.27.4&#8243; _dynamic_attributes=&#8221;url&#8221; _module_preset=&#8221;default&#8221; header_font=&#8221;Abel|700|||||||&#8221; header_text_align=&#8221;center&#8221; header_text_color=&#8221;gcid-heading-color&#8221; global_colors_info=&#8221;{%22gcid-heading-color%22:%91%22header_text_color%22%93}&#8221; header_text_color__hover_enabled=&#8221;on|desktop&#8221; header_text_color__hover=&#8221;#D0661C&#8221;][\/et_pb_blurb][\/et_pb_column][et_pb_column type=&#8221;1_3&#8243; _builder_version=&#8221;4.27.4&#8243; _module_preset=&#8221;default&#8221; global_colors_info=&#8221;{}&#8221;][et_pb_blurb title=&#8221;FUSIONI DI PRECISIONE&#8221; url=&#8221;@ET-DC@eyJkeW5hbWljIjp0cnVlLCJjb250ZW50IjoicG9zdF9saW5rX3VybF9wYWdlIiwic2V0dGluZ3MiOnsicG9zdF9pZCI6IjMzODUifX0=@&#8221; image=&#8221;https:\/\/www.pspitalia.com\/amministrazione\/wp-content\/uploads\/2025\/10\/ACCIAIO_38408-MOD-CP-Q.webp&#8221; alt=&#8221;PSP Italia&#8221; _builder_version=&#8221;4.27.4&#8243; _dynamic_attributes=&#8221;url&#8221; _module_preset=&#8221;default&#8221; header_font=&#8221;Abel|700|||||||&#8221; header_text_align=&#8221;center&#8221; header_text_color=&#8221;gcid-heading-color&#8221; global_colors_info=&#8221;{%22gcid-heading-color%22:%91%22header_text_color%22%93}&#8221; header_text_color__hover_enabled=&#8221;on|desktop&#8221; header_text_color__hover=&#8221;#D0661C&#8221;][\/et_pb_blurb][\/et_pb_column][\/et_pb_row][\/et_pb_section][et_pb_section fb_built=&#8221;1&#8243; admin_label=&#8221;Footer&#8221; _builder_version=&#8221;4.16&#8243; custom_padding=&#8221;0px||25px|||&#8221; border_color_top=&#8221;#D0661C&#8221; global_colors_info=&#8221;{}&#8221;][et_pb_row column_structure=&#8221;1_3,1_3,1_3&#8243; _builder_version=&#8221;4.16&#8243; custom_padding=&#8221;|||&#8221; border_color_top=&#8221;#D0661C&#8221; global_colors_info=&#8221;{}&#8221;][et_pb_column type=&#8221;1_3&#8243; _builder_version=&#8221;4.16&#8243; custom_padding=&#8221;|||&#8221; global_colors_info=&#8221;{}&#8221; custom_padding__hover=&#8221;|||&#8221;][et_pb_blurb title=&#8221;PSP ITALIA&#8221; use_icon=&#8221;on&#8221; font_icon=&#8221;&#xe08d;||divi||400&#8243; icon_color=&#8221;#f47a55&#8243; image_icon_width=&#8221;32px&#8221; _builder_version=&#8221;4.16&#8243; header_font=&#8221;Josefin Sans|700||on|||||&#8221; header_text_align=&#8221;center&#8221; body_font=&#8221;Open Sans||||||||&#8221; body_text_align=&#8221;center&#8221; body_font_size=&#8221;18px&#8221; icon_font_size=&#8221;32px&#8221; global_colors_info=&#8221;{}&#8221;]<\/p>\n<p>Via dell&#8217;Isola 55, 55012 Lunata, Lucca<\/p>\n<p>[\/et_pb_blurb][\/et_pb_column][et_pb_column type=&#8221;1_3&#8243; _builder_version=&#8221;4.16&#8243; custom_padding=&#8221;|||&#8221; global_colors_info=&#8221;{}&#8221; custom_padding__hover=&#8221;|||&#8221;][et_pb_blurb title=&#8221;Contattaci&#8221; use_icon=&#8221;on&#8221; font_icon=&#8221;&#xe090;||divi||400&#8243; icon_color=&#8221;#f47a55&#8243; image_icon_width=&#8221;32px&#8221; _builder_version=&#8221;4.16&#8243; header_font=&#8221;Josefin Sans|700||on|||||&#8221; header_text_align=&#8221;center&#8221; body_font=&#8221;Open Sans||||||||&#8221; body_text_align=&#8221;center&#8221; body_font_size=&#8221;18px&#8221; animation_style=&#8221;fold&#8221; animation_direction=&#8221;left&#8221; animation_delay=&#8221;200ms&#8221; animation_intensity_fold=&#8221;20%&#8221; icon_font_size=&#8221;32px&#8221; global_colors_info=&#8221;{}&#8221;]<\/p>\n<p>+39 0583\u00a0 933333<\/p>\n<p>[\/et_pb_blurb][\/et_pb_column][et_pb_column type=&#8221;1_3&#8243; _builder_version=&#8221;4.16&#8243; custom_padding=&#8221;|||&#8221; global_colors_info=&#8221;{}&#8221; custom_padding__hover=&#8221;|||&#8221;][et_pb_blurb title=&#8221;EMAIL&#8221; url=&#8221;http:\/\/info@shredderspecialist.com&#8221; use_icon=&#8221;on&#8221; font_icon=&#8221;&#xe076;||divi||400&#8243; icon_color=&#8221;#f47a55&#8243; image_icon_width=&#8221;32px&#8221; _builder_version=&#8221;4.16&#8243; header_font=&#8221;Josefin Sans|700||on|||||&#8221; header_text_align=&#8221;center&#8221; body_font=&#8221;Open Sans||||||||&#8221; body_text_align=&#8221;center&#8221; body_font_size=&#8221;18px&#8221; animation_style=&#8221;fold&#8221; animation_direction=&#8221;left&#8221; animation_delay=&#8221;200ms&#8221; animation_intensity_fold=&#8221;20%&#8221; icon_font_size=&#8221;32px&#8221; global_colors_info=&#8221;{}&#8221;]info@shredderspecialist.com[\/et_pb_blurb][\/et_pb_column][\/et_pb_row][\/et_pb_section]<\/p>\n","protected":false},"excerpt":{"rendered":"<p>Chi SiamoPSP Italia \u00e8 il vostro fornitore di pezzi in ghisa e acciaio. Da oltre 35 anni forniamo componenti fusi e lavorati per settori esigenti con standard elevati, tempi di consegna affidabili e completa tracciabilit\u00e0. Gestiamo ogni fase, dal modello alla spedizione, garantendo qualit\u00e0 e affidabilit\u00e0.Via dell&#8217;Isola 55, 55012 Lunata, Lucca+39 0583\u00a0 933333info@shredderspecialist.com<\/p>\n","protected":false},"author":1,"featured_media":3164,"parent":0,"menu_order":0,"comment_status":"closed","ping_status":"closed","template":"","meta":{"_et_pb_use_builder":"on","_et_pb_old_content":"","_et_gb_content_width":"","footnotes":""},"class_list":["post-41","page","type-page","status-publish","has-post-thumbnail","hentry"],"yoast_head":"<!-- This site is optimized with the Yoast SEO plugin v27.4 - https:\/\/yoast.com\/product\/yoast-seo-wordpress\/ -->\n<title>home - PSP ITALIA<\/title>\n<meta name=\"robots\" content=\"index, follow, max-snippet:-1, max-image-preview:large, max-video-preview:-1\" \/>\n<link rel=\"canonical\" href=\"https:\/\/www.pspitalia.com\/it\/home\/\" \/>\n<meta property=\"og:locale\" content=\"it_IT\" \/>\n<meta property=\"og:type\" content=\"article\" \/>\n<meta property=\"og:title\" content=\"home - PSP ITALIA\" \/>\n<meta property=\"og:description\" content=\"Chi SiamoPSP Italia \u00e8 il vostro fornitore di pezzi in ghisa e acciaio. Da oltre 35 anni forniamo componenti fusi e lavorati per settori esigenti con standard elevati, tempi di consegna affidabili e completa tracciabilit\u00e0. Gestiamo ogni fase, dal modello alla spedizione, garantendo qualit\u00e0 e affidabilit\u00e0.Via dell&#039;Isola 55, 55012 Lunata, Lucca+39 0583\u00a0 933333info@shredderspecialist.com\" \/>\n<meta property=\"og:url\" content=\"https:\/\/www.pspitalia.com\/it\/home\/\" \/>\n<meta property=\"og:site_name\" content=\"PSP ITALIA\" \/>\n<meta property=\"article:modified_time\" content=\"2025-10-14T08:50:47+00:00\" \/>\n<meta name=\"twitter:card\" content=\"summary_large_image\" \/>\n<meta name=\"twitter:label1\" content=\"Tempo di lettura stimato\" \/>\n\t<meta name=\"twitter:data1\" content=\"2 minuti\" \/>\n<script type=\"application\/ld+json\" class=\"yoast-schema-graph\">{\"@context\":\"https:\\\/\\\/schema.org\",\"@graph\":[{\"@type\":\"WebPage\",\"@id\":\"https:\\\/\\\/www.pspitalia.com\\\/it\\\/home\\\/\",\"url\":\"https:\\\/\\\/www.pspitalia.com\\\/it\\\/home\\\/\",\"name\":\"home - PSP ITALIA\",\"isPartOf\":{\"@id\":\"https:\\\/\\\/www.pspitalia.com\\\/en\\\/#website\"},\"primaryImageOfPage\":{\"@id\":\"https:\\\/\\\/www.pspitalia.com\\\/it\\\/home\\\/#primaryimage\"},\"image\":{\"@id\":\"https:\\\/\\\/www.pspitalia.com\\\/it\\\/home\\\/#primaryimage\"},\"thumbnailUrl\":\"https:\\\/\\\/www.pspitalia.com\\\/amministrazione\\\/wp-content\\\/uploads\\\/2025\\\/08\\\/logo-PSP-ITALIA-web.svg\",\"datePublished\":\"2020-11-16T18:51:08+00:00\",\"dateModified\":\"2025-10-14T08:50:47+00:00\",\"breadcrumb\":{\"@id\":\"https:\\\/\\\/www.pspitalia.com\\\/it\\\/home\\\/#breadcrumb\"},\"inLanguage\":\"it-IT\",\"potentialAction\":[{\"@type\":\"ReadAction\",\"target\":[\"https:\\\/\\\/www.pspitalia.com\\\/it\\\/home\\\/\"]}]},{\"@type\":\"ImageObject\",\"inLanguage\":\"it-IT\",\"@id\":\"https:\\\/\\\/www.pspitalia.com\\\/it\\\/home\\\/#primaryimage\",\"url\":\"https:\\\/\\\/www.pspitalia.com\\\/amministrazione\\\/wp-content\\\/uploads\\\/2025\\\/08\\\/logo-PSP-ITALIA-web.svg\",\"contentUrl\":\"https:\\\/\\\/www.pspitalia.com\\\/amministrazione\\\/wp-content\\\/uploads\\\/2025\\\/08\\\/logo-PSP-ITALIA-web.svg\"},{\"@type\":\"BreadcrumbList\",\"@id\":\"https:\\\/\\\/www.pspitalia.com\\\/it\\\/home\\\/#breadcrumb\",\"itemListElement\":[{\"@type\":\"ListItem\",\"position\":1,\"name\":\"Home\",\"item\":\"https:\\\/\\\/www.pspitalia.com\\\/it\\\/\"},{\"@type\":\"ListItem\",\"position\":2,\"name\":\"home\"}]},{\"@type\":\"WebSite\",\"@id\":\"https:\\\/\\\/www.pspitalia.com\\\/en\\\/#website\",\"url\":\"https:\\\/\\\/www.pspitalia.com\\\/en\\\/\",\"name\":\"PSP ITALIA\",\"description\":\"\",\"potentialAction\":[{\"@type\":\"SearchAction\",\"target\":{\"@type\":\"EntryPoint\",\"urlTemplate\":\"https:\\\/\\\/www.pspitalia.com\\\/en\\\/?s={search_term_string}\"},\"query-input\":{\"@type\":\"PropertyValueSpecification\",\"valueRequired\":true,\"valueName\":\"search_term_string\"}}],\"inLanguage\":\"it-IT\"}]}<\/script>\n<!-- \/ Yoast SEO plugin. -->","yoast_head_json":{"title":"home - PSP ITALIA","robots":{"index":"index","follow":"follow","max-snippet":"max-snippet:-1","max-image-preview":"max-image-preview:large","max-video-preview":"max-video-preview:-1"},"canonical":"https:\/\/www.pspitalia.com\/it\/home\/","og_locale":"it_IT","og_type":"article","og_title":"home - PSP ITALIA","og_description":"Chi SiamoPSP Italia \u00e8 il vostro fornitore di pezzi in ghisa e acciaio. Da oltre 35 anni forniamo componenti fusi e lavorati per settori esigenti con standard elevati, tempi di consegna affidabili e completa tracciabilit\u00e0. Gestiamo ogni fase, dal modello alla spedizione, garantendo qualit\u00e0 e affidabilit\u00e0.Via dell'Isola 55, 55012 Lunata, Lucca+39 0583\u00a0 933333info@shredderspecialist.com","og_url":"https:\/\/www.pspitalia.com\/it\/home\/","og_site_name":"PSP ITALIA","article_modified_time":"2025-10-14T08:50:47+00:00","twitter_card":"summary_large_image","twitter_misc":{"Tempo di lettura stimato":"2 minuti"},"schema":{"@context":"https:\/\/schema.org","@graph":[{"@type":"WebPage","@id":"https:\/\/www.pspitalia.com\/it\/home\/","url":"https:\/\/www.pspitalia.com\/it\/home\/","name":"home - PSP ITALIA","isPartOf":{"@id":"https:\/\/www.pspitalia.com\/en\/#website"},"primaryImageOfPage":{"@id":"https:\/\/www.pspitalia.com\/it\/home\/#primaryimage"},"image":{"@id":"https:\/\/www.pspitalia.com\/it\/home\/#primaryimage"},"thumbnailUrl":"https:\/\/www.pspitalia.com\/amministrazione\/wp-content\/uploads\/2025\/08\/logo-PSP-ITALIA-web.svg","datePublished":"2020-11-16T18:51:08+00:00","dateModified":"2025-10-14T08:50:47+00:00","breadcrumb":{"@id":"https:\/\/www.pspitalia.com\/it\/home\/#breadcrumb"},"inLanguage":"it-IT","potentialAction":[{"@type":"ReadAction","target":["https:\/\/www.pspitalia.com\/it\/home\/"]}]},{"@type":"ImageObject","inLanguage":"it-IT","@id":"https:\/\/www.pspitalia.com\/it\/home\/#primaryimage","url":"https:\/\/www.pspitalia.com\/amministrazione\/wp-content\/uploads\/2025\/08\/logo-PSP-ITALIA-web.svg","contentUrl":"https:\/\/www.pspitalia.com\/amministrazione\/wp-content\/uploads\/2025\/08\/logo-PSP-ITALIA-web.svg"},{"@type":"BreadcrumbList","@id":"https:\/\/www.pspitalia.com\/it\/home\/#breadcrumb","itemListElement":[{"@type":"ListItem","position":1,"name":"Home","item":"https:\/\/www.pspitalia.com\/it\/"},{"@type":"ListItem","position":2,"name":"home"}]},{"@type":"WebSite","@id":"https:\/\/www.pspitalia.com\/en\/#website","url":"https:\/\/www.pspitalia.com\/en\/","name":"PSP ITALIA","description":"","potentialAction":[{"@type":"SearchAction","target":{"@type":"EntryPoint","urlTemplate":"https:\/\/www.pspitalia.com\/en\/?s={search_term_string}"},"query-input":{"@type":"PropertyValueSpecification","valueRequired":true,"valueName":"search_term_string"}}],"inLanguage":"it-IT"}]}},"_links":{"self":[{"href":"https:\/\/www.pspitalia.com\/it\/wp-json\/wp\/v2\/pages\/41","targetHints":{"allow":["GET"]}}],"collection":[{"href":"https:\/\/www.pspitalia.com\/it\/wp-json\/wp\/v2\/pages"}],"about":[{"href":"https:\/\/www.pspitalia.com\/it\/wp-json\/wp\/v2\/types\/page"}],"author":[{"embeddable":true,"href":"https:\/\/www.pspitalia.com\/it\/wp-json\/wp\/v2\/users\/1"}],"replies":[{"embeddable":true,"href":"https:\/\/www.pspitalia.com\/it\/wp-json\/wp\/v2\/comments?post=41"}],"version-history":[{"count":0,"href":"https:\/\/www.pspitalia.com\/it\/wp-json\/wp\/v2\/pages\/41\/revisions"}],"wp:featuredmedia":[{"embeddable":true,"href":"https:\/\/www.pspitalia.com\/it\/wp-json\/wp\/v2\/media\/3164"}],"wp:attachment":[{"href":"https:\/\/www.pspitalia.com\/it\/wp-json\/wp\/v2\/media?parent=41"}],"curies":[{"name":"wp","href":"https:\/\/api.w.org\/{rel}","templated":true}]}}